{"id":201,"date":"2025-07-03T14:46:55","date_gmt":"2025-07-03T12:46:55","guid":{"rendered":"http:\/\/profesma.com.pl\/?page_id=201"},"modified":"2025-07-03T14:46:56","modified_gmt":"2025-07-03T12:46:56","slug":"polityka-prywatnosci","status":"publish","type":"page","link":"http:\/\/profesma.com.pl\/?page_id=201","title":{"rendered":"Polityka prywatno\u015bci"},"content":{"rendered":"\n<div class=\"wp-block-group is-nowrap is-layout-flex wp-container-core-group-is-layout-79fb870f wp-block-group-is-layout-flex\">\n<pre class=\"wp-block-preformatted\">POLITYKA PRYWATNO\u015aCI SERWISU PROFESMA.PL<br><br>Ochrona prywatno\u015bci U\u017cytkownik\u00f3w jest dla PROFESMA Maciej Sikora szczeg\u00f3lnie wa\u017cna. Z tego wzgl\u0119du U\u017cytkownicy Serwisu www.profesma.pl maj\u0105 zagwarantowane wysokie standardy ochrony prywatno\u015bci. PROFESMA Maciej Sikora jako Administrator danych dba o bezpiecze\u0144stwo udost\u0119pnionych przez U\u017cytkownik\u00f3w danych.<br><br>Celem Administratora jest r\u00f3wnie\u017c nale\u017cyte informowanie U\u017cytkownik\u00f3w o prawach i obowi\u0105zkach zwi\u0105zanych z przetwarzaniem danych osobowych, szczeg\u00f3lnie wobec tre\u015bci przepis\u00f3w o ochronie danych osobowych okre\u015blonych w rozporz\u0105dzeniu Parlamentu Europejskiego i Rady (UE) 2016\/679 z dnia 27.04.2016r. w sprawie ochrony os\u00f3b fizycznych w zwi\u0105zku z przetwarzaniem danych osobowych i w sprawie swobodnego przep\u0142ywu takich danych oraz uchylenia dyrektywy 95\/46\/WE (dalej jako \u201eRODO\u201d). Dlatego te\u017c, dbaj\u0105c o ochron\u0119 prywatno\u015bci U\u017cytkownik\u00f3w Serwisu, w niniejszym dokumencie Administrator informuje o podstawach prawnych przetwarzania danych osobowych przekazanych przez U\u017cytkownik\u00f3w w zwi\u0105zku z korzystaniem przez nich z Serwisu www.profesma.pl (dalej jako \u201eSerwis\u201d), sposobach zbierania, przetwarzania i ochrony danych osobowych, a tak\u017ce o prawach U\u017cytkownik\u00f3w.<br><br>U\u017cytkownikiem jest ka\u017cda osoba fizyczna, kt\u00f3rej dane dotycz\u0105, korzystaj\u0105ca z serwisu internetowego www.profesma.pl lub us\u0142ug elektronicznych dost\u0119pnych za po\u015brednictwem Serwisu.<br><br>Administratorem danych osobowych udost\u0119pnionych przez U\u017cytkownika w Serwisie www.profesma.pl jest PROFESMA Maciej Sikora, ul. Grottgera 25, 41-219 Sosnowiec, NIP 6431629941, (dalej jako \u201eAdministrator\u201d).<br><br>ZGODA U\u017bYTKOWNIKA<br>Korzystanie z Serwisu www.profesma.pl przez U\u017cytkownika oznacza, \u017ce U\u017cytkownik akceptuje, \u017ce Administrator gromadzi oraz wykorzystuje dane osobowe zgodnie z niniejsz\u0105 Polityk\u0105 Prywatno\u015bci.<br><br>Dane osobowe U\u017cytkownika Serwisu s\u0105 przetwarzane przez Administratora w oparciu o jego zgod\u0119, za\u015b w niekt\u00f3rych przypadkach opisanych w niniejszym dokumencie, w ramach prawnie uzasadnionego interesu Administratora. U\u017cytkownik ma prawo w dowolnym momencie wycofa\u0107 wyra\u017con\u0105 wcze\u015bniej zgod\u0119. Wycofanie zgody nie wp\u0142ywa na zgodno\u015b\u0107 z prawem przetwarzania, kt\u00f3rego dokonano na podstawie zgody przed jej wycofaniem.<br><br>W przypadku, gdy nast\u0105pi zmiana niniejszej Polityki Prywatno\u015bci, a U\u017cytkownik nadal b\u0119dzie korzysta\u0142 z Serwisu, to poczytuje si\u0119 to za wyra\u017cenie zgody na aktualne warunki Polityki Prywatno\u015bci.<br><br>DANE OSOBOWE PRZETWARZANE PRZEZ ADMINISTRATORA<br>Spos\u00f3b pozyskiwania danych osobowych<br>Administrator pozyskuje dane osobowe bezpo\u015brednio od U\u017cytkownika za po\u015brednictwem Serwisu, poprzez dost\u0119pne w nim funkcjonalno\u015bci i narz\u0119dzia do komunikacji oraz przes\u0142anie za ich po\u015brednictwem wiadomo\u015bci do Administratora.<br><br>Podanie danych osobowych przez U\u017cytkownika jest dobrowolne.<br><br>Rodzaje przetwarzanych danych osobowych<br>Administrator gromadzi za po\u015brednictwem Serwisu nast\u0119puj\u0105ce dane osobowe dotycz\u0105ce U\u017cytkownika:<br><br>Imi\u0119 i nazwisko;<br>Adres e-mail;<br>Tre\u015b\u0107 wiadomo\u015bci;<br>Temat wiadomo\u015bci.<br>CELE PRZETWARZANIA DANYCH OSOBOWYCH<br>Spos\u00f3b przetwarzania przez Administratora danych dotycz\u0105cych U\u017cytkownika zale\u017cy od sposobu korzystania przez U\u017cytkownika z Serwisu i dost\u0119pnych w nim funkcjonalno\u015bci. Administrator przetwarza dane osobowe U\u017cytkownika w nast\u0119puj\u0105cych celach:<br><br>Komunikacji z U\u017cytkownikiem.<br>Administrator wykorzystuje dane osobowe U\u017cytkownika w celu komunikacji z nim w spersonalizowany spos\u00f3b. Komunikowane U\u017cytkownikowi informacje dotycz\u0105 oferowanych produkt\u00f3w lub us\u0142ug, bezpiecze\u0144stwa danych osobowych, aktualizacji sieci, przypomnie\u0144, ale r\u00f3wnie\u017c sugerowanych ofert Administratora lub jego partner\u00f3w. Komunikacja z U\u017cytkownikiem dotyczy tak\u017ce obs\u0142ugi U\u017cytkownika. Dane osobowe wykorzystywane s\u0105 w celu pomocy U\u017cytkownikowi, rozwi\u0105zaniu problem\u00f3w technicznych oraz odpowiedzi na jego skargi lub reklamacje.<br><br>Przedstawiania U\u017cytkownikowi ofert handlowych drog\u0105 elektroniczn\u0105.<br>Celem korzystania z danych osobowych U\u017cytkownika udost\u0119pnionych przez niego za po\u015brednictwem funkcjonalno\u015bci i narz\u0119dzi do komunikacji dost\u0119pnych w Serwisie jest komunikacja marketingowa prowadzona przez Administratora w ramach prowadzonej dzia\u0142alno\u015bci, w szczeg\u00f3lno\u015bci przedstawianie ofert handlowych U\u017cytkownikowi drog\u0105 elektroniczn\u0105.<br><br>Przedstawiania U\u017cytkownikowi ofert handlowych w kontakcie telefonicznym.<br>Celem korzystania z danych osobowych U\u017cytkownika udost\u0119pnionych przez niego za po\u015brednictwem funkcjonalno\u015bci i narz\u0119dzi do komunikacji dost\u0119pnych w Serwisie jest komunikacja marketingowa prowadzona przez Administratora w ramach prowadzonej dzia\u0142alno\u015bci, w szczeg\u00f3lno\u015bci poprzez przedstawianie ofert handlowych U\u017cytkownikowi w kontakcie telefonicznym.<br><br>Administrator mo\u017ce przetwarza\u0107 dane osobowe U\u017cytkownika pozyskane za po\u015brednictwem Serwisu r\u00f3wnie\u017c w nast\u0119puj\u0105cych celach:<br><br>w celu zawarcia i realizacji ewentualnej umowy pomi\u0119dzy U\u017cytkownikiem a Administratorem oraz obs\u0142ugi U\u017cytkownika jako klienta Administratora zgodnie z art. 6 ust. 1 lit. b) RODO;<br>w celu prowadzenia rozlicze\u0144 finansowych z U\u017cytkownikiem b\u0119d\u0105cym klientem Administratora tytu\u0142em realizacji ewentualnej umowy zawartej mi\u0119dzy stronami, a tak\u017ce ewentualnego dochodzenia roszcze\u0144 od U\u017cytkownika b\u0119d\u0105cego klientem w ramach prawnie uzasadnionego interesu Administratora zgodnie z art. 6 ust. 1 lit. f) RODO oraz spe\u0142nienia obowi\u0105zk\u00f3w prawnych Administratora wobec organ\u00f3w podatkowych na podstawie odr\u0119bnych przepis\u00f3w zgodnie z art. 6 ust. 1 lit. c) RODO;<br>w celu realizacji dzia\u0142a\u0144 marketingowych Administratora w ramach prawnie uzasadnionego interesu Administratora w rozumieniu art. 6 ust. 1 lit. f) RODO, a tak\u017ce zgodnie z o\u015bwiadczeniami woli dotycz\u0105cymi komunikacji marketingowej z\u0142o\u017conymi wobec Administratora. Zgody udzielone w zakresie komunikacji marketingowej (np. na przesy\u0142anie informacji handlowych drog\u0105 elektroniczn\u0105 lub kontakt telefoniczny w celach marketingu bezpo\u015bredniego) mog\u0105 by\u0107 wycofane w dowolnym czasie, bez wp\u0142ywu na zgodno\u015b\u0107 z prawem przetwarzania, kt\u00f3rego dokonano na podstawie zgody przed jej cofni\u0119ciem;<br>w celu realizacji obowi\u0105zk\u00f3w prawnych Administratora wobec U\u017cytkownika okre\u015blonych w RODO, w rozumieniu art. 6 ust. 1 lit. c) RODO.<br>UDOST\u0118PNIANIE DANYCH OSOBOWYCH<br>Dane osobowe U\u017cytkownika s\u0105 lub mog\u0105 by\u0107 przekazywane nast\u0119puj\u0105cym kategoriom odbiorc\u00f3w:<br><br>dostawcom us\u0142ug reklamowych lub marketingowych,<br>PRAWA U\u017bYTKOWNIKA<br>Prawa U\u017cytkownika<br>U\u017cytkownik na ka\u017cdym etapie przetwarzania jego danych zapewniony ma szereg uprawnie\u0144 pozwalaj\u0105cych mu uzyska\u0107 dost\u0119p do swoich danych, weryfikacj\u0119 prawid\u0142owo\u015bci przetwarzania danych, ich korekt\u0119, jak r\u00f3wnie\u017c ma prawo zg\u0142oszenia sprzeciwu wobec ich przetwarzania, mo\u017ce \u017c\u0105da\u0107 usuni\u0119cia danych, ograniczenia przetwarzania lub przeniesienia danych.<br><br>W przypadku ch\u0119ci skorzystania przez U\u017cytkownika z przys\u0142uguj\u0105cych mu praw jako podmiotu danych osobowych, mo\u017ce on si\u0119 skontaktowa\u0107 z Administratorem za pomoc\u0105 nast\u0119puj\u0105cych danych kontaktowych: PROFESMA Maciej Sikora, ul. Grottgera 25, 41-219 Sosnowiec, sikora@profesma.pl.<br><br>Prawo wniesienia skargi do organu nadzorczego<br>U\u017cytkownik, kt\u00f3rego dane osobowe s\u0105 przetwarzane przez Administratora ma prawo wnie\u015b\u0107 skarg\u0119 do organu nadzoru w\u0142a\u015bciwego w sprawach ochrony danych osobowych (Prezesa Urz\u0119du Ochrony Danych Osobowych).<br><br>PLIKI COOKIES<br>Administrator informuje, i\u017c podczas korzystania z Serwisu w urz\u0105dzeniu ko\u0144cowym U\u017cytkownika zapisywane s\u0105 fragmenty kodu zwane \u201ecookies\u201d, kt\u00f3re s\u0105 plikami tekstowymi odpowiadaj\u0105cymi zapytaniom HTTP kierowanym do serwera Administratora. Pliki \u201ecookies\u201d s\u0105 instalowane przez ka\u017cd\u0105 przegl\u0105dark\u0119, z kt\u00f3rej U\u017cytkownik odwiedza Serwis. Pliki \u201ecookies\u201d wykorzystywane s\u0105 w Serwisie w celu:<br>utrzymania technicznej poprawno\u015bci i ci\u0105g\u0142o\u015bci sesji pomi\u0119dzy serwerem Serwisu a urz\u0105dzeniem ko\u0144cowym U\u017cytkownika;<br>optymalizacji korzystania przez U\u017cytkownika ze stron internetowych Serwisu i dostosowania sposobu ich wy\u015bwietlania na urz\u0105dzeniu ko\u0144cowym U\u017cytkownika;<br>zapewnienia bezpiecze\u0144stwa korzystania z Serwisu;<br>zbierania statystyk odwiedzin stron Serwisu wspieraj\u0105cych ulepszanie ich struktury i zawarto\u015bci;<br>wy\u015bwietlania na urz\u0105dzeniu ko\u0144cowym U\u017cytkownika tre\u015bci dostosowanych do jego preferencji.<br>Szczeg\u00f3\u0142owe informacje odno\u015bnie stosowanych przez Administratora plik\u00f3w cookie oraz zarz\u0105dzania nimi dost\u0119pne s\u0105 w Polityce Cookies.<br><br>INNE WA\u017bNE INFORMACJE<br>Ochrona bezpiecze\u0144stwa danych osobowych<br>Administrator wprowadza odpowiednie \u015brodki maj\u0105ce na celu zapewnienie bezpiecze\u0144stwa danych osobowych U\u017cytkownika. Bezpieczne korzystanie z Serwisu zapewniaj\u0105 stosowane systemy oraz procedury chroni\u0105ce przed dost\u0119pem oraz ujawnieniem danych osobom niepo\u017c\u0105danym. Ponadto stosowane przez Administratora systemy oraz procesy s\u0105 regularnie monitorowane w celu wykrycia ewentualnych zagro\u017ce\u0144. Pozyskane przez Administratora dane osobowe przechowywane s\u0105 w systemach komputerowych, do kt\u00f3rych dost\u0119p jest \u015bci\u015ble ograniczony.<br><br>Przechowywanie danych osobowych<br>Okres przechowywania danych osobowych U\u017cytkownik\u00f3w uzale\u017cniony jest od cel\u00f3w przetwarzania przez Administratora danych.<br>Administrator przechowuje dane osobowe przez taki okres, jaki jest konieczny do osi\u0105gni\u0119cia okre\u015blonych cel\u00f3w, tj.:<br><br>przez okres prowadzenia dzia\u0142alno\u015bci gospodarczej przez Administratora.<br>W ka\u017cdym z powy\u017cszych przypadk\u00f3w, po up\u0142ywie niezb\u0119dnego okresu przetwarzania, dane mog\u0105 by\u0107 przetwarzane tylko w celu dochodzenia roszcze\u0144 na tle \u0142\u0105cz\u0105cych strony relacji do czasu ostatecznego rozstrzygni\u0119cia tych roszcze\u0144 na drodze prawnej.<br><br>Zmiany Polityki prywatno\u015bci<br>W celu uaktualnienia informacji zawartych w niniejszej Polityce prywatno\u015bci oraz jej zgodno\u015bci z obowi\u0105zuj\u0105cymi przepisami prawa, niniejsza Polityka prywatno\u015bci mo\u017ce ulec zmianie. W przypadku zmiany tre\u015bci Polityki prywatno\u015bci, zmieniona zostanie data jej aktualizacji wskazana na ko\u0144cu jej tekstu. W celu zasi\u0119gni\u0119cia informacji o sposobie ochrony danych osobowych, Administrator rekomenduje U\u017cytkownikom regularne zapoznawanie si\u0119 z postanowieniami Polityki Prywatno\u015bci.<br><br>Informacje kontaktowe<br>W celu uzyskania jakichkolwiek informacji dotycz\u0105cych niniejszej Polityki Prywatno\u015bci, U\u017cytkownik mo\u017ce skontaktowa\u0107 si\u0119 z Administratorem danych osobowych: PROFESMA Maciej Sikora, ul. Grottgera 25, 41-219 Sosnowiec, z wykorzystaniem nast\u0119puj\u0105cych danych kontaktowych: sikora@profesma.pl.<br><br>Ponadto istnieje r\u00f3wnie\u017c mo\u017cliwo\u015b\u0107 kontaktu drog\u0105 pocztow\u0105 pod adresem: PROFESMA Maciej Sikora, ul. Grottgera 25, 41-219 Sosnowiec.<br><br>Ostatnia aktualizacja niniejszego dokumentu mia\u0142a miejsce dnia 3.07.2025.<\/pre>\n<\/div>\n\n\n\n<p class=\"wp-block-paragraph\"><\/p>\n","protected":false},"excerpt":{"rendered":"<p>POLITYKA PRYWATNO\u015aCI SERWISU PROFESMA.PLOchrona prywatno\u015bci U\u017cytkownik\u00f3w jest dla PROFESMA Maciej Sikora szczeg\u00f3lnie wa\u017cna. Z tego wzgl\u0119du U\u017cytkownicy Serwisu www.profesma.pl maj\u0105 zagwarantowane wysokie standardy ochrony prywatno\u015bci. PROFESMA Maciej Sikora jako Administrator [&hellip;]<\/p>\n","protected":false},"author":1,"featured_media":0,"parent":0,"menu_order":0,"comment_status":"closed","ping_status":"closed","template":"","meta":{"_crdt_document":"","_eb_attr":"","_EventAllDay":false,"_EventTimezone":"","_EventStartDate":"","_EventEndDate":"","_EventStartDateUTC":"","_EventEndDateUTC":"","_EventShowMap":false,"_EventShowMapLink":false,"_EventURL":"","_EventCost":"","_EventCostDescription":"","_EventCurrencySymbol":"","_EventCurrencyCode":"","_EventCurrencyPosition":"","_EventDateTimeSeparator":"","_EventTimeRangeSeparator":"","_EventOrganizerID":[],"_EventVenueID":[],"_OrganizerEmail":"","_OrganizerPhone":"","_OrganizerWebsite":"","_VenueAddress":"","_VenueCity":"","_VenueCountry":"","_VenueProvince":"","_VenueState":"","_VenueZip":"","_VenuePhone":"","_VenueURL":"","_VenueStateProvince":"","_VenueLat":"","_VenueLng":"","_VenueShowMap":false,"_VenueShowMapLink":false,"footnotes":""},"class_list":["post-201","page","type-page","status-publish","hentry"],"yoast_head":"<!-- This site is optimized with the Yoast SEO plugin v27.4 - https:\/\/yoast.com\/product\/yoast-seo-wordpress\/ -->\n<title>Polityka prywatno\u015bci - SPEDYCJA KRAJOWA I MI\u0118DZYNARODOWA<\/title>\n<meta name=\"robots\" content=\"index, follow, max-snippet:-1, max-image-preview:large, max-video-preview:-1\" \/>\n<link rel=\"canonical\" href=\"http:\/\/profesma.com.pl\/?page_id=201\" \/>\n<meta property=\"og:locale\" content=\"pl_PL\" \/>\n<meta property=\"og:type\" content=\"article\" \/>\n<meta property=\"og:title\" content=\"Polityka prywatno\u015bci - SPEDYCJA KRAJOWA I MI\u0118DZYNARODOWA\" \/>\n<meta property=\"og:description\" content=\"POLITYKA PRYWATNO\u015aCI SERWISU PROFESMA.PLOchrona prywatno\u015bci U\u017cytkownik\u00f3w jest dla PROFESMA Maciej Sikora szczeg\u00f3lnie wa\u017cna. Z tego wzgl\u0119du U\u017cytkownicy Serwisu www.profesma.pl maj\u0105 zagwarantowane wysokie standardy ochrony prywatno\u015bci. PROFESMA Maciej Sikora jako Administrator [&hellip;]\" \/>\n<meta property=\"og:url\" content=\"http:\/\/profesma.com.pl\/?page_id=201\" \/>\n<meta property=\"og:site_name\" content=\"SPEDYCJA KRAJOWA I MI\u0118DZYNARODOWA\" \/>\n<meta property=\"article:modified_time\" content=\"2025-07-03T12:46:56+00:00\" \/>\n<meta name=\"twitter:card\" content=\"summary_large_image\" \/>\n<script type=\"application\/ld+json\" class=\"yoast-schema-graph\">{\"@context\":\"https:\\\/\\\/schema.org\",\"@graph\":[{\"@type\":\"WebPage\",\"@id\":\"http:\\\/\\\/profesma.com.pl\\\/?page_id=201\",\"url\":\"http:\\\/\\\/profesma.com.pl\\\/?page_id=201\",\"name\":\"Polityka prywatno\u015bci - SPEDYCJA KRAJOWA I MI\u0118DZYNARODOWA\",\"isPartOf\":{\"@id\":\"http:\\\/\\\/profesma.com.pl\\\/#website\"},\"datePublished\":\"2025-07-03T12:46:55+00:00\",\"dateModified\":\"2025-07-03T12:46:56+00:00\",\"breadcrumb\":{\"@id\":\"http:\\\/\\\/profesma.com.pl\\\/?page_id=201#breadcrumb\"},\"inLanguage\":\"pl-PL\",\"potentialAction\":[{\"@type\":\"ReadAction\",\"target\":[\"http:\\\/\\\/profesma.com.pl\\\/?page_id=201\"]}]},{\"@type\":\"BreadcrumbList\",\"@id\":\"http:\\\/\\\/profesma.com.pl\\\/?page_id=201#breadcrumb\",\"itemListElement\":[{\"@type\":\"ListItem\",\"position\":1,\"name\":\"Home\",\"item\":\"http:\\\/\\\/profesma.com.pl\\\/\"},{\"@type\":\"ListItem\",\"position\":2,\"name\":\"Polityka prywatno\u015bci\"}]},{\"@type\":\"WebSite\",\"@id\":\"http:\\\/\\\/profesma.com.pl\\\/#website\",\"url\":\"http:\\\/\\\/profesma.com.pl\\\/\",\"name\":\"PROFESMA\",\"description\":\"\",\"publisher\":{\"@id\":\"http:\\\/\\\/profesma.com.pl\\\/#organization\"},\"potentialAction\":[{\"@type\":\"SearchAction\",\"target\":{\"@type\":\"EntryPoint\",\"urlTemplate\":\"http:\\\/\\\/profesma.com.pl\\\/?s={search_term_string}\"},\"query-input\":{\"@type\":\"PropertyValueSpecification\",\"valueRequired\":true,\"valueName\":\"search_term_string\"}}],\"inLanguage\":\"pl-PL\"},{\"@type\":\"Organization\",\"@id\":\"http:\\\/\\\/profesma.com.pl\\\/#organization\",\"name\":\"SPEDYCJA KRAJOWA I MI\u0118DZYNARODOWA\",\"url\":\"http:\\\/\\\/profesma.com.pl\\\/\",\"logo\":{\"@type\":\"ImageObject\",\"inLanguage\":\"pl-PL\",\"@id\":\"http:\\\/\\\/profesma.com.pl\\\/#\\\/schema\\\/logo\\\/image\\\/\",\"url\":\"http:\\\/\\\/profesma.com.pl\\\/wp-content\\\/uploads\\\/2025\\\/06\\\/profesma-NEWlogo-1.png\",\"contentUrl\":\"http:\\\/\\\/profesma.com.pl\\\/wp-content\\\/uploads\\\/2025\\\/06\\\/profesma-NEWlogo-1.png\",\"width\":480,\"height\":146,\"caption\":\"SPEDYCJA KRAJOWA I MI\u0118DZYNARODOWA\"},\"image\":{\"@id\":\"http:\\\/\\\/profesma.com.pl\\\/#\\\/schema\\\/logo\\\/image\\\/\"}}]}<\/script>\n<!-- \/ Yoast SEO plugin. -->","yoast_head_json":{"title":"Polityka prywatno\u015bci - SPEDYCJA KRAJOWA I MI\u0118DZYNARODOWA","robots":{"index":"index","follow":"follow","max-snippet":"max-snippet:-1","max-image-preview":"max-image-preview:large","max-video-preview":"max-video-preview:-1"},"canonical":"http:\/\/profesma.com.pl\/?page_id=201","og_locale":"pl_PL","og_type":"article","og_title":"Polityka prywatno\u015bci - SPEDYCJA KRAJOWA I MI\u0118DZYNARODOWA","og_description":"POLITYKA PRYWATNO\u015aCI SERWISU PROFESMA.PLOchrona prywatno\u015bci U\u017cytkownik\u00f3w jest dla PROFESMA Maciej Sikora szczeg\u00f3lnie wa\u017cna. Z tego wzgl\u0119du U\u017cytkownicy Serwisu www.profesma.pl maj\u0105 zagwarantowane wysokie standardy ochrony prywatno\u015bci. PROFESMA Maciej Sikora jako Administrator [&hellip;]","og_url":"http:\/\/profesma.com.pl\/?page_id=201","og_site_name":"SPEDYCJA KRAJOWA I MI\u0118DZYNARODOWA","article_modified_time":"2025-07-03T12:46:56+00:00","twitter_card":"summary_large_image","schema":{"@context":"https:\/\/schema.org","@graph":[{"@type":"WebPage","@id":"http:\/\/profesma.com.pl\/?page_id=201","url":"http:\/\/profesma.com.pl\/?page_id=201","name":"Polityka prywatno\u015bci - SPEDYCJA KRAJOWA I MI\u0118DZYNARODOWA","isPartOf":{"@id":"http:\/\/profesma.com.pl\/#website"},"datePublished":"2025-07-03T12:46:55+00:00","dateModified":"2025-07-03T12:46:56+00:00","breadcrumb":{"@id":"http:\/\/profesma.com.pl\/?page_id=201#breadcrumb"},"inLanguage":"pl-PL","potentialAction":[{"@type":"ReadAction","target":["http:\/\/profesma.com.pl\/?page_id=201"]}]},{"@type":"BreadcrumbList","@id":"http:\/\/profesma.com.pl\/?page_id=201#breadcrumb","itemListElement":[{"@type":"ListItem","position":1,"name":"Home","item":"http:\/\/profesma.com.pl\/"},{"@type":"ListItem","position":2,"name":"Polityka prywatno\u015bci"}]},{"@type":"WebSite","@id":"http:\/\/profesma.com.pl\/#website","url":"http:\/\/profesma.com.pl\/","name":"PROFESMA","description":"","publisher":{"@id":"http:\/\/profesma.com.pl\/#organization"},"potentialAction":[{"@type":"SearchAction","target":{"@type":"EntryPoint","urlTemplate":"http:\/\/profesma.com.pl\/?s={search_term_string}"},"query-input":{"@type":"PropertyValueSpecification","valueRequired":true,"valueName":"search_term_string"}}],"inLanguage":"pl-PL"},{"@type":"Organization","@id":"http:\/\/profesma.com.pl\/#organization","name":"SPEDYCJA KRAJOWA I MI\u0118DZYNARODOWA","url":"http:\/\/profesma.com.pl\/","logo":{"@type":"ImageObject","inLanguage":"pl-PL","@id":"http:\/\/profesma.com.pl\/#\/schema\/logo\/image\/","url":"http:\/\/profesma.com.pl\/wp-content\/uploads\/2025\/06\/profesma-NEWlogo-1.png","contentUrl":"http:\/\/profesma.com.pl\/wp-content\/uploads\/2025\/06\/profesma-NEWlogo-1.png","width":480,"height":146,"caption":"SPEDYCJA KRAJOWA I MI\u0118DZYNARODOWA"},"image":{"@id":"http:\/\/profesma.com.pl\/#\/schema\/logo\/image\/"}}]}},"_links":{"self":[{"href":"http:\/\/profesma.com.pl\/index.php?rest_route=\/wp\/v2\/pages\/201","targetHints":{"allow":["GET"]}}],"collection":[{"href":"http:\/\/profesma.com.pl\/index.php?rest_route=\/wp\/v2\/pages"}],"about":[{"href":"http:\/\/profesma.com.pl\/index.php?rest_route=\/wp\/v2\/types\/page"}],"author":[{"embeddable":true,"href":"http:\/\/profesma.com.pl\/index.php?rest_route=\/wp\/v2\/users\/1"}],"replies":[{"embeddable":true,"href":"http:\/\/profesma.com.pl\/index.php?rest_route=%2Fwp%2Fv2%2Fcomments&post=201"}],"version-history":[{"count":1,"href":"http:\/\/profesma.com.pl\/index.php?rest_route=\/wp\/v2\/pages\/201\/revisions"}],"predecessor-version":[{"id":202,"href":"http:\/\/profesma.com.pl\/index.php?rest_route=\/wp\/v2\/pages\/201\/revisions\/202"}],"wp:attachment":[{"href":"http:\/\/profesma.com.pl\/index.php?rest_route=%2Fwp%2Fv2%2Fmedia&parent=201"}],"curies":[{"name":"wp","href":"https:\/\/api.w.org\/{rel}","templated":true}]}}